 {"id":273247,"date":"2024-11-04T21:38:24","date_gmt":"2024-11-04T18:38:24","guid":{"rendered":"https:\/\/3003.ua\/p\/otvertka-udarno-povorotnaya-1-2%e2%80%b3-s-bitami-sturm-1040-10-s7\/"},"modified":"2025-11-26T03:30:09","modified_gmt":"2025-11-26T01:30:09","slug":"otvertka-udarno-povorotnaya-1-2-s-bitami-sturm-1040-10-s7","status":"publish","type":"product","link":"https:\/\/3003.ua\/ru\/product\/otvertka-udarno-povorotnaya-1-2-s-bitami-sturm-1040-10-s7\/","title":{"rendered":"\u041e\u0442\u0432\u0435\u0440\u0442\u043a\u0430 \u0443\u0434\u0430\u0440\u043d\u043e-\u043f\u043e\u0432\u043e\u0440\u043e\u0442\u043d\u0430\u044f 1\/2&#8243; \u0441 \u0431\u0438\u0442\u0430\u043c\u0438 Sturm 1040-10-S7"},"content":{"rendered":"<p>\u041e\u0442\u0432\u0435\u0440\u0442\u043a\u0430 Sturm 1040-10-S7 \u0443\u0434\u0430\u0440\u043d\u043e-\u043f\u043e\u0432\u043e\u0440\u043e\u0442\u043d\u0430\u044f 1\/2\u2033 \u0441 \u0431\u0438\u0442\u0430\u043c\u0438 \u0443\u0434\u043e\u0431\u043d\u0430 \u0434\u043b\u044f \u043a\u0440\u0443\u043f\u043d\u043e\u0433\u043e \u0440\u0435\u0437\u044c\u0431\u043e\u0432\u043e\u0433\u043e \u043a\u0440\u0435\u043f\u0435\u0436\u0430. \u0418\u043d\u0441\u0442\u0440\u0443\u043c\u0435\u043d\u0442 \u043f\u043e\u0441\u0442\u0430\u0432\u043b\u044f\u0435\u0442\u0441\u044f \u0441 \u043d\u0435\u0441\u043a\u043e\u043b\u044c\u043a\u0438\u043c\u0438 \u0441\u043c\u0435\u043d\u043d\u044b\u043c\u0438 \u0431\u0438\u0442\u0430\u043c\u0438. \u041e\u0434\u043d\u0430 \u043e\u0442\u0432\u0435\u0440\u0442\u043a\u0430 \u043f\u043e\u0434\u0445\u043e\u0434\u0438\u0442 \u0434\u043b\u044f \u0440\u0430\u0437\u043b\u0438\u0447\u043d\u044b\u0445 \u0442\u0438\u043f\u043e\u0432 \u0432\u0438\u043d\u0442\u0430.<\/p>\n<p>\u041e\u0442\u0432\u0435\u0440\u0442\u043a\u0430 \u0443\u0434\u0430\u0440\u043d\u0430\u044f 1\/2\u2033, \u0441 \u043d\u0430\u0431\u043e\u0440\u043e\u043c \u0431\u0438\u0442 PH: 4\u00d765, 3\u00d735, 4\u00d735; SL: 8\u00d765, 7\u00d735, 8\u00d735.<\/p>\n<p>\u041e\u0431\u0440\u0435\u0437\u0438\u043d\u0435\u043d\u043d\u0430\u044f \u0440\u0443\u043a\u043e\u044f\u0442\u043a\u0430, \u0437\u0430\u0449\u0438\u0442\u0430 \u0440\u0443\u043a\u0438.<\/p>","protected":false},"excerpt":{"rendered":"\u041e\u0442\u0432\u0435\u0440\u0442\u043a\u0430 Sturm 1040-10-S7 \u0443\u0434\u0430\u0440\u043d\u043e-\u043f\u043e\u0432\u043e\u0440\u043e\u0442\u043d\u0430\u044f 1\/2\u2033 \u0441 \u0431\u0438\u0442\u0430\u043c\u0438 \u0443\u0434\u043e\u0431\u043d\u0430 \u0434\u043b\u044f \u043a\u0440\u0443\u043f\u043d\u043e\u0433\u043e \u0440\u0435\u0437\u044c\u0431\u043e\u0432\u043e\u0433\u043e \u043a\u0440\u0435\u043f\u0435\u0436\u0430. \u0418\u043d\u0441\u0442\u0440\u0443\u043c\u0435\u043d\u0442 \u043f\u043e\u0441\u0442\u0430\u0432\u043b\u044f\u0435\u0442\u0441\u044f \u0441 \u043d\u0435\u0441\u043a\u043e\u043b\u044c\u043a\u0438\u043c\u0438 \u0441\u043c\u0435\u043d\u043d\u044b\u043c\u0438 \u0431\u0438\u0442\u0430\u043c\u0438. \u041e\u0434\u043d\u0430 \u043e\u0442\u0432\u0435\u0440\u0442\u043a\u0430 \u043f\u043e\u0434\u0445\u043e\u0434\u0438\u0442 \u0434\u043b\u044f \u0440\u0430\u0437\u043b\u0438\u0447\u043d\u044b\u0445 \u0442\u0438\u043f\u043e\u0432 \u0432\u0438\u043d\u0442\u0430. \u041e\u0442\u0432\u0435\u0440\u0442\u043a\u0430 \u0443\u0434\u0430\u0440\u043d\u0430\u044f 1\/2\u2033, \u0441 \u043d\u0430\u0431\u043e\u0440\u043e\u043c \u0431\u0438\u0442 PH: 4\u00d765, 3\u00d735, 4\u00d735; SL: 8\u00d765, 7\u00d735, 8\u00d735. \u041e\u0431\u0440\u0435\u0437\u0438\u043d\u0435\u043d\u043d\u0430\u044f \u0440\u0443\u043a\u043e\u044f\u0442\u043a\u0430, \u0437\u0430\u0449\u0438\u0442\u0430 \u0440\u0443\u043a\u0438.","protected":false},"featured_media":124617,"comment_status":"open","ping_status":"closed","template":"","meta":[],"product_brand":[113238],"product_cat":[15505],"product_tag":[],"class_list":{"0":"post-273247","1":"product","2":"type-product","3":"status-publish","4":"has-post-thumbnail","6":"product_brand-sturm","7":"product_cat-otvertky-y-nabory-otvertok-ruchnoj-ynstrument-ynstrumenty","9":"first","10":"instock","11":"shipping-taxable","12":"purchasable","13":"product-type-simple"},"_links":{"self":[{"href":"https:\/\/3003.ua\/ru\/wp-json\/wp\/v2\/product\/273247","targetHints":{"allow":["GET"]}}],"collection":[{"href":"https:\/\/3003.ua\/ru\/wp-json\/wp\/v2\/product"}],"about":[{"href":"https:\/\/3003.ua\/ru\/wp-json\/wp\/v2\/types\/product"}],"replies":[{"embeddable":true,"href":"https:\/\/3003.ua\/ru\/wp-json\/wp\/v2\/comments?post=273247"}],"wp:featuredmedia":[{"embeddable":true,"href":"https:\/\/3003.ua\/ru\/wp-json\/wp\/v2\/media\/124617"}],"wp:attachment":[{"href":"https:\/\/3003.ua\/ru\/wp-json\/wp\/v2\/media?parent=273247"}],"wp:term":[{"taxonomy":"product_brand","embeddable":true,"href":"https:\/\/3003.ua\/ru\/wp-json\/wp\/v2\/product_brand?post=273247"},{"taxonomy":"product_cat","embeddable":true,"href":"https:\/\/3003.ua\/ru\/wp-json\/wp\/v2\/product_cat?post=273247"},{"taxonomy":"product_tag","embeddable":true,"href":"https:\/\/3003.ua\/ru\/wp-json\/wp\/v2\/product_tag?post=273247"}],"curies":[{"name":"wp","href":"https:\/\/api.w.org\/{rel}","templated":true}]}}